{"id":65,"date":"2013-12-05T21:11:32","date_gmt":"2013-12-05T19:11:32","guid":{"rendered":"http:\/\/joachim-borner.de\/?page_id=65"},"modified":"2013-12-08T21:11:38","modified_gmt":"2013-12-08T19:11:38","slug":"home","status":"publish","type":"page","link":"https:\/\/joachim-borner.de\/","title":{"rendered":"Home"},"content":{"rendered":"<p><em><a href=\"http:\/\/joachim-borner.de\/wp-content\/uploads\/2013\/12\/bild_home.jpg\"><img loading=\"lazy\" decoding=\"async\" class=\"alignnone size-full wp-image-93\" alt=\"bild_home\" src=\"http:\/\/joachim-borner.de\/wp-content\/uploads\/2013\/12\/bild_home.jpg\" width=\"250\" height=\"166\" \/><\/a><br \/>\nEin von mir sehr gesch\u00e4tzter Gartenliebhaber sagte einmal, dass das G\u00e4rtnern wohl zu den zivilisiertesten T\u00e4tigkeiten geh\u00f6rte, die es \u00fcberhaupt gibt! Das mag vielleicht eine \u00dcbertreibung sein, aber ich bin dennoch unendlich dankbar, diesem weltweiten Kreis von Enthusiasten anzugeh\u00f6ren.<br \/>\nBeth Chatto im Januar 2013, Dear Friends and Gardener<\/em><\/p>\n<p>In Karnitz habe ich, Joachim Borner zusammen mit Martina Zienert und vielen guten Freunden 1996 begonnen, Karnitz Garden zeitgleich mit dem Um- und Ausbau des alten Bauerngeh\u00f6fts aufzubauen. Wir haben den alten Bestand an Apfelb\u00e4umen und zwei Walnussb\u00e4umen um weitere Apfelsorten wie roter Boskoop und Cox Orange, Kirschen, Pflaumen- und Mirabellen-, Quitten- und Pfirsichb\u00e4umen ausgedehnt, dem Garten mit Stauden- und Strauchp\u00e4onien, Malven, Schwertlilien, Lupinen, Herbstanemonen, Akeleien, Margeriten, Glockenblumen, Fingerhut, tr\u00e4nendem Herzen, Levkojen, Dahlien, Tabak, Rittersporn, Ringelblumen in (fast) allen Jahreszeiten Farbe gegeben Wir haben mit K\u00fcrbissen, Kartoffeln und Tomaten experimentiert und lernten, welche Pflanzen welchen Boden tolerierten oder auch nicht. Ohne, dass es uns bewusst war, sammelten wir wertvolle Erfahrungen.<br \/>\n2011 erf\u00fcllte sich ein langer Traum, als wir unser verpachtetes Grundst\u00fcck zur\u00fcckbekamen. Au\u00dfer ein paar Weiden, einem Walnussbaum und einigen von uns gepflanzten Obstb\u00e4umen gab es nichts bemerkenswertes. Es handelte sich um Brachland, ein ehemals mit Enten, H\u00fchnern und K\u00e4lbern sowie einem Schweinestall mit Kaninchenzucht bewirtschaftetem Grundst\u00fcck. Ein St\u00fcck Land, angrenzend an unseren Garten und an die Einfahrtstra\u00dfe.<br \/>\n2012 haben wir auf dem vereinigten Grundst\u00fcck eine kleine G\u00e4rtnerei gegr\u00fcndet, die sich um den Erhalt alter Sorten im Obst- Gem\u00fcse- und Samenanbau k\u00fcmmert.<br \/>\nSchauen Sie selbst in den oben stehenden Rubriken<\/p>\n","protected":false},"excerpt":{"rendered":"<p>Ein von mir sehr gesch\u00e4tzter Gartenliebhaber sagte einmal, dass das G\u00e4rtnern wohl zu den zivilisiertesten T\u00e4tigkeiten geh\u00f6rte, die es \u00fcberhaupt gibt! Das mag vielleicht eine \u00dcbertreibung sein, aber ich bin dennoch unendlich dankbar, diesem weltweiten Kreis von Enthusiasten anzugeh\u00f6ren. Beth &hellip; <a href=\"https:\/\/joachim-borner.de\/\">Weiterlesen <span class=\"meta-nav\">&rarr;<\/span><\/a><\/p>\n","protected":false},"author":1,"featured_media":0,"parent":0,"menu_order":0,"comment_status":"closed","ping_status":"closed","template":"sidebar-page.php","meta":{"footnotes":""},"class_list":["post-65","page","type-page","status-publish","hentry"],"_links":{"self":[{"href":"https:\/\/joachim-borner.de\/index.php?rest_route=\/wp\/v2\/pages\/65","targetHints":{"allow":["GET"]}}],"collection":[{"href":"https:\/\/joachim-borner.de\/index.php?rest_route=\/wp\/v2\/pages"}],"about":[{"href":"https:\/\/joachim-borner.de\/index.php?rest_route=\/wp\/v2\/types\/page"}],"author":[{"embeddable":true,"href":"https:\/\/joachim-borner.de\/index.php?rest_route=\/wp\/v2\/users\/1"}],"replies":[{"embeddable":true,"href":"https:\/\/joachim-borner.de\/index.php?rest_route=%2Fwp%2Fv2%2Fcomments&post=65"}],"version-history":[{"count":10,"href":"https:\/\/joachim-borner.de\/index.php?rest_route=\/wp\/v2\/pages\/65\/revisions"}],"predecessor-version":[{"id":110,"href":"https:\/\/joachim-borner.de\/index.php?rest_route=\/wp\/v2\/pages\/65\/revisions\/110"}],"wp:attachment":[{"href":"https:\/\/joachim-borner.de\/index.php?rest_route=%2Fwp%2Fv2%2Fmedia&parent=65"}],"curies":[{"name":"wp","href":"https:\/\/api.w.org\/{rel}","templated":true}]}}