{"id":253,"date":"2014-05-25T09:57:33","date_gmt":"2014-05-25T07:57:33","guid":{"rendered":"http:\/\/joachim-borner.de\/?page_id=253"},"modified":"2015-07-14T21:45:03","modified_gmt":"2015-07-14T19:45:03","slug":"stauden-2","status":"publish","type":"page","link":"https:\/\/joachim-borner.de\/?page_id=253","title":{"rendered":"Stauden"},"content":{"rendered":"<p><a title=\"Akeleibl\u00e4ttrige Wiesenraute \u2013 Thalictrum aquilegifolium \u2018Thundercloud\u2019\" href=\"http:\/\/joachim-borner.de\/?page_id=273\">Akeleibl\u00e4ttrige Wiesenraute <\/a>&#8211; Thalictrum aquilegifolium &#8218;Thundercloud&#8216;<\/p>\n<p><a title=\"Ausdauernde Stockrose \u2013 Alcea Hybride \u2018Parkallee\u2019\" href=\"http:\/\/joachim-borner.de\/?page_id=277\">Ausdauernde Stockrose<\/a> &#8211; Alcea Hybride &#8218;Parkallee&#8216;<\/p>\n<p><a title=\"Bach- Nelkenwurz \u2013 Geum rivale\" href=\"http:\/\/joachim-borner.de\/?page_id=287\">Bach- Nelkenwurz<\/a> &#8211; Geum rivale<\/p>\n<p><a title=\"Balsamkraut, Gebetsbuchpflanze \u2013 Tanacetum balsamita\" href=\"http:\/\/joachim-borner.de\/?page_id=289\">Balsamkraut, Gebetsbuchpflanze<\/a> &#8211; Tanacetum balsamita<\/p>\n<p><a title=\"Bl\u00fcten-Salbei \u2018Negrito\u2019 Salvia nemorosa \u2018Negrito\u2019\" href=\"http:\/\/joachim-borner.de\/?page_id=291\">Bl\u00fcten<\/a>-Salbei &#8218;Negrito&#8216; Salvia nemorosa &#8218;Negrito&#8216;<\/p>\n<p><a title=\"Brauner Storchschnabel \u2013 Geranium phaeum\" href=\"http:\/\/joachim-borner.de\/?page_id=293\">Brauner Storchschnabel<\/a> &#8211; Geranium phaeum<\/p>\n<p><a title=\"Clematis Stauden-Waldrebe\" href=\"http:\/\/joachim-borner.de\/?page_id=417\">Clematis<\/a> Stauden-Waldrebe<\/p>\n<p><a title=\"Echter Alant \u2013 Inula helenium\" href=\"http:\/\/joachim-borner.de\/?page_id=295\">Echter Alant<\/a> &#8211; Inula helenium<\/p>\n<p><a title=\"G\u00e4mswurz \u2013 oronicum orientale \u2018Magnificum\u2019\" href=\"http:\/\/joachim-borner.de\/?page_id=297\">G\u00e4mswurz<\/a> &#8211; oronicum orientale &#8218;Magnificum&#8216;<\/p>\n<p><a title=\"Garten-Akelei \u2013 \u2018Grandmothers Garden\u2019 Aquilegia vulgaris\" href=\"http:\/\/joachim-borner.de\/?page_id=299\">Garten-Akelei<\/a> &#8211; &#8218;Grandmothers Garden&#8216; Aquilegia vulgaris<\/p>\n<p><a title=\"Garten-Erdbeere, Erdbeerwiese \u2013 Fragaria x ananassa \u2018Florika\u2019\" href=\"http:\/\/joachim-borner.de\/?page_id=421\">Garten-Erdbeere<\/a>, Erdbeerwiese, Fragaria x ananassa \u2018Florika\u2019 \u00ae<\/p>\n<p><a title=\"Gef\u00fcllte Akelei \u2018Blue Barlow\u2019 \u2013 Aquilegia Vulgaris-Hybride\" href=\"http:\/\/joachim-borner.de\/?page_id=301\">Gef\u00fcllte Akelei &#8218;Blue Barlow&#8216; <\/a>&#8211; Aquilegia Vulgaris-Hybride<\/p>\n<p><a title=\"Gef\u00fcllte Akelei \u2018Green Apples\u2019-  Aquilegia vulgaris plena\" href=\"http:\/\/joachim-borner.de\/?page_id=303\">Gef\u00fcllte Akelei &#8218;Green Apples&#8216;<\/a>&#8211;\u00a0 Aquilegia vulgaris plena<\/p>\n<p><a title=\"Herbstanemone\" href=\"http:\/\/joachim-borner.de\/?page_id=305\">Herbstanemone<\/a><\/p>\n<p><a title=\"Herbststern, Oktober-Margerite\" href=\"http:\/\/joachim-borner.de\/?page_id=307\">Herbststern<\/a>, Oktober-Margerite<\/p>\n<p><a title=\"Hohe Fetthenne \u2013 Sedum Telephium-Hybride \u2018Herbstfreude\u2019\" href=\"http:\/\/joachim-borner.de\/?page_id=309\">Hohe Fetthenne<\/a> &#8211; Sedum Telephium-Hybride &#8218;Herbstfreude&#8216;<\/p>\n<p><a title=\"Hundsrose \u2013 Rosa canina\" href=\"http:\/\/joachim-borner.de\/?page_id=426\">Hundsrose<\/a> &#8211; Rosa canina<\/p>\n<p><a title=\"Johanniskraut\" href=\"http:\/\/joachim-borner.de\/?page_id=311\">Johanniskraut<\/a><\/p>\n<p><a title=\"Katzenminze \u2013 Nepeta x faassenii \u2018Six Hills Giant\u2019\" href=\"http:\/\/joachim-borner.de\/?page_id=313\">Katzenminze<\/a> &#8211; Nepeta x faassenii &#8218;Six Hills Giant&#8216;<\/p>\n<p><a title=\"Kiftsgate\" href=\"http:\/\/joachim-borner.de\/?page_id=429\">Kiftsgate<\/a><\/p>\n<p><a title=\"Koreaminze \u2013 Agastache rugosa\" href=\"http:\/\/joachim-borner.de\/?page_id=315\">Koreaminze<\/a> &#8211; Agastache rugosa<\/p>\n<p><a title=\"Lanzen-Eisenkraut \u2013 Verbena hastata \u2018Blue Spires\u2019\" href=\"http:\/\/joachim-borner.de\/?page_id=317\">Lanzen-Eisenkraut <\/a>&#8211; Verbena hastata &#8218;Blue Spires&#8216;<\/p>\n<p><a title=\"Lenzrose \u2018Pink Lady\u2019 \u2013 Helleborus Orientalis-Hybride\" href=\"http:\/\/joachim-borner.de\/?page_id=319\">Lenzrose &#8218;Pink Lady&#8216;<\/a> &#8211; Helleborus Orientalis-Hybride<\/p>\n<p><a title=\"Lenzrose \u2018Red Lady\u2019 Helleborus Orientalis-Hybride\" href=\"http:\/\/joachim-borner.de\/?page_id=321\">Lenzrose &#8218;Red Lady&#8216;<\/a> Helleborus Orientalis-Hybride<br \/>\nMittelmeer-Wolfsmilch &#8211; Euphorbia characias ssp. wulfenii<\/p>\n<p><a title=\"Moschus-Malve \u2013 Malva moschata\" href=\"http:\/\/joachim-borner.de\/?page_id=323\">Moschus-Malve<\/a> &#8211; Malva moschata<\/p>\n<p><a title=\"Muskateller- Salvia sclarea Salbei\" href=\"http:\/\/joachim-borner.de\/?page_id=325\">Muskateller<\/a>&#8211; Salvia sclarea Salbei<\/p>\n<p><a title=\"Patagonisches Eisenkraut \u2013 Verbena bonariensis\" href=\"http:\/\/joachim-borner.de\/?page_id=327\">Patagonisches Eisenkraut<\/a> &#8211; Verbena bonariensis<\/p>\n<p><a title=\"Purpurdost \u2013  Eupatorium fistulosum \u2018Riesenschirm\u2019\" href=\"http:\/\/joachim-borner.de\/?page_id=329\">Purpurdost<\/a> &#8211;\u00a0 Eupatorium fistulosum &#8218;Riesenschirm&#8216;<\/p>\n<p>Purpur-Sonnenhut, Igelkopf &#8211; Echinacea purpurea &#8211;<\/p>\n<p><a title=\"Sonnenhut \u2013 Rudbeckia fulgida var. deamii\" href=\"http:\/\/joachim-borner.de\/?page_id=331\">Sonnenhut<\/a> &#8211; Rudbeckia fulgida var. deamii<\/p>\n<p>Spanisches G\u00e4nsebl\u00fcmchen &#8211; Erigeron karvinskianus &#8218;Bl\u00fctenmeer&#8216;<\/p>\n<p><a title=\"Staudenpfingstrose einfach gef\u00fcllt\" href=\"http:\/\/joachim-borner.de\/?page_id=440\">Staudenpfingstrose <\/a>einfach gef\u00fcllt<\/p>\n<p><a title=\"Staudenpfingstrose \u2013 Festiva Maxima\" href=\"http:\/\/joachim-borner.de\/?page_id=443\">Staudenpfingstrose<\/a> &#8211; Festiva Maxima<\/p>\n<p><a title=\"Strauchp\u00e4onie \u2013 Adolphe Rousseau\" href=\"http:\/\/joachim-borner.de\/?page_id=515\">Strauchp\u00e4onie<\/a> &#8211; Adolphe Rousseau<\/p>\n<p><a title=\"Strauchp\u00e4onie \u2013 Souvenir de Maxime Cornu\" href=\"http:\/\/joachim-borner.de\/?page_id=445\">Strauchp\u00e4onie<\/a> &#8211;\u00a0 Souvenir de Maxime Cornu<\/p>\n<p><a title=\"Tageslilie\" href=\"http:\/\/joachim-borner.de\/?page_id=447\">Tageslilie<\/a><\/p>\n<p><a title=\"Telekie \u2013 Telekia speciosa\" href=\"http:\/\/joachim-borner.de\/?page_id=333\">Telekie<\/a> &#8211; Telekia speciosa<\/p>\n<p><a title=\"Tennessee-Sonnenhut \u2013 Echinacea tennesseensis \u2018Rocky Top Hybriden\u2019\" href=\"http:\/\/joachim-borner.de\/?page_id=335\">Tennessee-Sonnenhut<\/a> &#8211; Echinacea tennesseensis &#8218;Rocky Top Hybriden&#8216;<\/p>\n<p><a title=\"Topinambur \u2013 Helianthus tuberosus\" href=\"http:\/\/joachim-borner.de\/?page_id=337\">Topinambur<\/a> &#8211; Helianthus tuberosus<\/p>\n<p><a title=\"Walderdbeere\" href=\"http:\/\/joachim-borner.de\/?page_id=450\">Walderdbeere<\/a><\/p>\n<p><a title=\"Wilde Margarite\" href=\"http:\/\/joachim-borner.de\/?page_id=452\">Wilde Margarite<\/a><\/p>\n<p><a title=\"Wei\u00dfe Koreaminze \u2013 Agastache rugosa \u2018Alabaster\u2019\" href=\"http:\/\/joachim-borner.de\/?page_id=339\">Wei\u00dfe Koreaminze<\/a> &#8211; Agastache rugosa &#8218;Alabaster&#8216;<\/p>\n<p><a title=\"Wild-Aster \u2013 Aster ageratoides \u2018Ezo Murasaki\u2019\" href=\"http:\/\/joachim-borner.de\/?page_id=341\">Wild-Aster <\/a>&#8211; Aster ageratoides &#8218;Ezo Murasaki&#8216;<\/p>\n","protected":false},"excerpt":{"rendered":"<p>Akeleibl\u00e4ttrige Wiesenraute &#8211; Thalictrum aquilegifolium &#8218;Thundercloud&#8216; Ausdauernde Stockrose &#8211; Alcea Hybride &#8218;Parkallee&#8216; Bach- Nelkenwurz &#8211; Geum rivale Balsamkraut, Gebetsbuchpflanze &#8211; Tanacetum balsamita Bl\u00fcten-Salbei &#8218;Negrito&#8216; Salvia nemorosa &#8218;Negrito&#8216; Brauner Storchschnabel &#8211; Geranium phaeum Clematis Stauden-Waldrebe Echter Alant &#8211; Inula helenium G\u00e4mswurz &hellip; <a href=\"https:\/\/joachim-borner.de\/?page_id=253\">Weiterlesen <span class=\"meta-nav\">&rarr;<\/span><\/a><\/p>\n","protected":false},"author":1,"featured_media":0,"parent":229,"menu_order":0,"comment_status":"closed","ping_status":"closed","template":"sidebar-page.php","meta":{"footnotes":""},"class_list":["post-253","page","type-page","status-publish","hentry"],"_links":{"self":[{"href":"https:\/\/joachim-borner.de\/index.php?rest_route=\/wp\/v2\/pages\/253","targetHints":{"allow":["GET"]}}],"collection":[{"href":"https:\/\/joachim-borner.de\/index.php?rest_route=\/wp\/v2\/pages"}],"about":[{"href":"https:\/\/joachim-borner.de\/index.php?rest_route=\/wp\/v2\/types\/page"}],"author":[{"embeddable":true,"href":"https:\/\/joachim-borner.de\/index.php?rest_route=\/wp\/v2\/users\/1"}],"replies":[{"embeddable":true,"href":"https:\/\/joachim-borner.de\/index.php?rest_route=%2Fwp%2Fv2%2Fcomments&post=253"}],"version-history":[{"count":20,"href":"https:\/\/joachim-borner.de\/index.php?rest_route=\/wp\/v2\/pages\/253\/revisions"}],"predecessor-version":[{"id":563,"href":"https:\/\/joachim-borner.de\/index.php?rest_route=\/wp\/v2\/pages\/253\/revisions\/563"}],"up":[{"embeddable":true,"href":"https:\/\/joachim-borner.de\/index.php?rest_route=\/wp\/v2\/pages\/229"}],"wp:attachment":[{"href":"https:\/\/joachim-borner.de\/index.php?rest_route=%2Fwp%2Fv2%2Fmedia&parent=253"}],"curies":[{"name":"wp","href":"https:\/\/api.w.org\/{rel}","templated":true}]}}