{"id":229,"date":"2014-04-04T21:54:30","date_gmt":"2014-04-04T19:54:30","guid":{"rendered":"http:\/\/joachim-borner.de\/?page_id=229"},"modified":"2014-06-02T23:29:32","modified_gmt":"2014-06-02T21:29:32","slug":"sortiment","status":"publish","type":"page","link":"https:\/\/joachim-borner.de\/?page_id=229","title":{"rendered":"Sortiment"},"content":{"rendered":"<p><a href=\"http:\/\/joachim-borner.de\/wp-content\/uploads\/2013\/12\/bild_impressum.jpg\"><img loading=\"lazy\" decoding=\"async\" class=\"alignnone size-full wp-image-105\" alt=\"bild_impressum\" src=\"http:\/\/joachim-borner.de\/wp-content\/uploads\/2013\/12\/bild_impressum.jpg\" width=\"250\" height=\"166\" \/><\/a><\/p>\n<p>In unserer G\u00e4rtnerei haben wir uns auf die Vermehrung von au\u00dfergew\u00f6hnlichen Stauden und H\u00f6lzern, Saatgut, Obst und Gem\u00fcse spezialisiert.<\/p>\n<header>\n<h1>Sortiment<\/h1>\n<\/header>\n<div>\n<p>Unserer\u00a0 Sortiment finden Sie zum Direktkauf sowie online zum Versand in nebenstehenden Rubriken<\/p>\n<\/div>\n<h1>\u00d6ffnungzeiten<\/h1>\n<p>Der Verkauf findet von Mai bis einschlie\u00dflich November w\u00f6chentlich samstags von 10 Uhr bis 16 Uhr, direkt vor Ort statt.<\/p>\n<header>\n<h1>Versand<\/h1>\n<\/header>\n<div>\n<p>Im M\u00e4rz versenden wir unsere Pflanzen innerhalb Deutschlands zu den in unserer Sortimentsliste genannten Preisen.<br \/>\nDer Mindestbestellwert liegt bei \u20ac 25,-<br \/>\nWir verschicken mit der Deutschen Post (DHL-Paket); aktuelles Porto pro Paket: \u20ac 6,90.<br \/>\nWir verpacken unsere Stauden mit viel Bedacht und bitten daher um Ihr Verst\u00e4ndnis, dass wir \u20ac 5,- pro Paket f\u00fcr das Verpacken berechnen.<\/p>\n<\/div>\n<p>Bitte beachten Sie die verk\u00fcrzten \u00d6ffnungszeiten im April und November: samstags von 10 Uhr bis 15 Uhr.<\/p>\n","protected":false},"excerpt":{"rendered":"<p>In unserer G\u00e4rtnerei haben wir uns auf die Vermehrung von au\u00dfergew\u00f6hnlichen Stauden und H\u00f6lzern, Saatgut, Obst und Gem\u00fcse spezialisiert. Sortiment Unserer\u00a0 Sortiment finden Sie zum Direktkauf sowie online zum Versand in nebenstehenden Rubriken \u00d6ffnungzeiten Der Verkauf findet von Mai bis &hellip; <a href=\"https:\/\/joachim-borner.de\/?page_id=229\">Weiterlesen <span class=\"meta-nav\">&rarr;<\/span><\/a><\/p>\n","protected":false},"author":1,"featured_media":0,"parent":0,"menu_order":0,"comment_status":"closed","ping_status":"closed","template":"sidebar-page.php","meta":{"footnotes":""},"class_list":["post-229","page","type-page","status-publish","hentry"],"_links":{"self":[{"href":"https:\/\/joachim-borner.de\/index.php?rest_route=\/wp\/v2\/pages\/229","targetHints":{"allow":["GET"]}}],"collection":[{"href":"https:\/\/joachim-borner.de\/index.php?rest_route=\/wp\/v2\/pages"}],"about":[{"href":"https:\/\/joachim-borner.de\/index.php?rest_route=\/wp\/v2\/types\/page"}],"author":[{"embeddable":true,"href":"https:\/\/joachim-borner.de\/index.php?rest_route=\/wp\/v2\/users\/1"}],"replies":[{"embeddable":true,"href":"https:\/\/joachim-borner.de\/index.php?rest_route=%2Fwp%2Fv2%2Fcomments&post=229"}],"version-history":[{"count":7,"href":"https:\/\/joachim-borner.de\/index.php?rest_route=\/wp\/v2\/pages\/229\/revisions"}],"predecessor-version":[{"id":270,"href":"https:\/\/joachim-borner.de\/index.php?rest_route=\/wp\/v2\/pages\/229\/revisions\/270"}],"wp:attachment":[{"href":"https:\/\/joachim-borner.de\/index.php?rest_route=%2Fwp%2Fv2%2Fmedia&parent=229"}],"curies":[{"name":"wp","href":"https:\/\/api.w.org\/{rel}","templated":true}]}}