{"id":57,"date":"2013-12-05T19:14:38","date_gmt":"2013-12-05T17:14:38","guid":{"rendered":"http:\/\/joachim-borner.de\/?page_id=57"},"modified":"2015-03-08T22:51:35","modified_gmt":"2015-03-08T20:51:35","slug":"kontakt-2","status":"publish","type":"page","link":"http:\/\/joachim-borner.de\/?page_id=57","title":{"rendered":"Kontakt \/ Impressum"},"content":{"rendered":"<p><a href=\"http:\/\/joachim-borner.de\/wp-content\/uploads\/2013\/12\/bild_kontakt.jpg\"><img loading=\"lazy\" decoding=\"async\" class=\"alignnone size-full wp-image-97\" alt=\"bild_kontakt\" src=\"http:\/\/joachim-borner.de\/wp-content\/uploads\/2013\/12\/bild_kontakt.jpg\" width=\"250\" height=\"166\" \/><\/a><\/p>\n<p>Dr. Joachim Borner<br \/>\nKarnitz 9<br \/>\n17154 Neukalen<br \/>\n<a href=\"mailto:jborner@kmgne.de\">jborner@kmgne.de<\/a><\/p>\n<p><strong>Impressum<\/strong><\/p>\n<p>Inhaltlich Verantwortlicher f\u00fcr die Internetpr\u00e4senz von Joachim Borner gem\u00e4\u00df\u00a0 \u00a7 5 Telemediengesetz (TMG):<br \/>\nDr. Joachim Borner<\/p>\n<p><b>Konzeption und Redaktion:<\/b><br \/>\nMartina Zienert<\/p>\n<p><b>Konzeption und Grafische Gestaltung:<\/b><br \/>\nMartina Zienert &amp; Viban Fofi<\/p>\n<p><b>Realisierung:<\/b><br \/>\nViban Fofi<\/p>\n<p>Alle Inhalte dieses Angebots sind urheberrechtlich gesch\u00fctzt. Die \u00dcbernahme, Vervielf\u00e4ltigung und Verbreitung der Inhalte oder von Teilen davon bedarf der schriftlichen Zustimmung durch Joachim Borner.<\/p>\n<p><b>Hinweis zu externen Links :<br \/>\n<\/b>Joachim Borner ist als Inhaltsanbieter f\u00fcr die \u201ceigenen Inhalte\u201d, die er zur Nutzung bereith\u00e4lt, nach den allgemeinen Gesetzen verantwortlich. Von diesen eigenen Inhalten sind Querverweise (\u201clinks\u201d) auf die von anderen Anbietern bereitgehaltenen Inhalte zu unterscheiden. Durch den Querverweis h\u00e4lt Joachim Borner \u201cfremde Inhalte\u201d zur Nutzung bereit. F\u00fcr diese fremden Inhalte ist er nur dann verantwortlich, wenn er von ihnen (d.h. auch von einem rechtswidrigen bzw. strafbaren Inhalt) positive Kenntnis hat und es ihm technisch m\u00f6glich und zumutbar ist, deren Nutzung zu verhindern.<\/p>\n<p>Bei Querverweisen handelt es sich allerdings stets um \u201clebende\u201d (dynamische) Verweisungen. Joachim Borner hat bei der erstmaligen Verkn\u00fcpfung zwar den fremden Inhalt daraufhin \u00fcberpr\u00fcft, ob durch sie eine m\u00f6gliche zivilrechtliche oder strafrechtliche Verantwortlichkeit ausgel\u00f6st wird. Er ist aber nach dem Gesetz nicht dazu verpflichtet, die Inhalte, auf die er in seinem Angebot verweist, st\u00e4ndig auf Ver\u00e4nderungen zu \u00fcberpr\u00fcfen, die eine Verantwortlichkeit neu begr\u00fcnden k\u00f6nnten. Erst wenn er feststellt oder von anderen darauf hingewiesen wird, dass ein konkretes Angebot, zu dem er einen Querverweis bereitgestellt hat, eine zivil- oder strafrechtliche Verantwortlichkeit ausl\u00f6st, wird er den Verweis auf dieses Angebot aufheben, soweit ihm dies technisch m\u00f6glich und zumutbar ist.<\/p>\n","protected":false},"excerpt":{"rendered":"<p>Dr. Joachim Borner Karnitz 9 17154 Neukalen jborner@kmgne.de Impressum Inhaltlich Verantwortlicher f\u00fcr die Internetpr\u00e4senz von Joachim Borner gem\u00e4\u00df\u00a0 \u00a7 5 Telemediengesetz (TMG): Dr. Joachim Borner Konzeption und Redaktion: Martina Zienert Konzeption und Grafische Gestaltung: Martina Zienert &amp; Viban Fofi Realisierung: &hellip; <a href=\"http:\/\/joachim-borner.de\/?page_id=57\">Weiterlesen <span class=\"meta-nav\">&rarr;<\/span><\/a><\/p>\n","protected":false},"author":1,"featured_media":0,"parent":0,"menu_order":0,"comment_status":"closed","ping_status":"closed","template":"sidebar-page.php","meta":{"footnotes":""},"class_list":["post-57","page","type-page","status-publish","hentry"],"_links":{"self":[{"href":"http:\/\/joachim-borner.de\/index.php?rest_route=\/wp\/v2\/pages\/57","targetHints":{"allow":["GET"]}}],"collection":[{"href":"http:\/\/joachim-borner.de\/index.php?rest_route=\/wp\/v2\/pages"}],"about":[{"href":"http:\/\/joachim-borner.de\/index.php?rest_route=\/wp\/v2\/types\/page"}],"author":[{"embeddable":true,"href":"http:\/\/joachim-borner.de\/index.php?rest_route=\/wp\/v2\/users\/1"}],"replies":[{"embeddable":true,"href":"http:\/\/joachim-borner.de\/index.php?rest_route=%2Fwp%2Fv2%2Fcomments&post=57"}],"version-history":[{"count":12,"href":"http:\/\/joachim-borner.de\/index.php?rest_route=\/wp\/v2\/pages\/57\/revisions"}],"predecessor-version":[{"id":550,"href":"http:\/\/joachim-borner.de\/index.php?rest_route=\/wp\/v2\/pages\/57\/revisions\/550"}],"wp:attachment":[{"href":"http:\/\/joachim-borner.de\/index.php?rest_route=%2Fwp%2Fv2%2Fmedia&parent=57"}],"curies":[{"name":"wp","href":"https:\/\/api.w.org\/{rel}","templated":true}]}}