{"id":54,"date":"2013-12-05T19:14:04","date_gmt":"2013-12-05T17:14:04","guid":{"rendered":"http:\/\/joachim-borner.de\/?page_id=54"},"modified":"2022-06-07T21:29:34","modified_gmt":"2022-06-07T19:29:34","slug":"programme-2","status":"publish","type":"page","link":"http:\/\/joachim-borner.de\/?page_id=54","title":{"rendered":"Programm"},"content":{"rendered":"<p><a href=\"http:\/\/joachim-borner.de\/wp-content\/uploads\/2013\/12\/bild_programm.jpg\"><img loading=\"lazy\" decoding=\"async\" class=\"alignnone size-full wp-image-103\" src=\"http:\/\/joachim-borner.de\/wp-content\/uploads\/2013\/12\/bild_programm.jpg\" alt=\"bild_programm\" width=\"250\" height=\"166\" \/><\/a><br \/>\nWir haben zusammen mit dem <a title=\"Projekthof Karnitz\" href=\"https:\/\/projekthof-karnitz.de\/\" target=\"_blank\" rel=\"noopener\">Projekthof Karnitz e.V.<\/a> und dem <a title=\"KMGNE\" href=\"http:\/\/kmgne.de\" target=\"_blank\" rel=\"noopener\">KMGNE<\/a> ein ger\u00e4umiges, offenes Haus, in dem gewohnt, gelacht, gelebt, getanzt und etwas gelernt werden kann.<\/p>\n<p>Wenn Ihr Lust habt, f\u00fcr ein paar Tage oder Wochen f\u00fcr Kost und Logis bei uns zu leben und zu arbeiten, dann nehmt einfach Kontakt mit uns auf, wir freuen uns auf Euch.<\/p>\n<p>Wir sind Mitglied in <a href=\"http:\/\/www.wwoof.de\/index.php?article_id=4&amp;clang=0\">WWOOF<\/a> Deutschland ( World-Wide Opportunities on Organic Farms)<br \/>\nHof 641<\/p>\n","protected":false},"excerpt":{"rendered":"<p>Wir haben zusammen mit dem Projekthof Karnitz e.V. und dem KMGNE ein ger\u00e4umiges, offenes Haus, in dem gewohnt, gelacht, gelebt, getanzt und etwas gelernt werden kann. Wenn Ihr Lust habt, f\u00fcr ein paar Tage oder Wochen f\u00fcr Kost und Logis &hellip; <a href=\"http:\/\/joachim-borner.de\/?page_id=54\">Weiterlesen <span class=\"meta-nav\">&rarr;<\/span><\/a><\/p>\n","protected":false},"author":1,"featured_media":0,"parent":0,"menu_order":0,"comment_status":"closed","ping_status":"closed","template":"sidebar-page.php","meta":{"footnotes":""},"class_list":["post-54","page","type-page","status-publish","hentry"],"_links":{"self":[{"href":"http:\/\/joachim-borner.de\/index.php?rest_route=\/wp\/v2\/pages\/54","targetHints":{"allow":["GET"]}}],"collection":[{"href":"http:\/\/joachim-borner.de\/index.php?rest_route=\/wp\/v2\/pages"}],"about":[{"href":"http:\/\/joachim-borner.de\/index.php?rest_route=\/wp\/v2\/types\/page"}],"author":[{"embeddable":true,"href":"http:\/\/joachim-borner.de\/index.php?rest_route=\/wp\/v2\/users\/1"}],"replies":[{"embeddable":true,"href":"http:\/\/joachim-borner.de\/index.php?rest_route=%2Fwp%2Fv2%2Fcomments&post=54"}],"version-history":[{"count":10,"href":"http:\/\/joachim-borner.de\/index.php?rest_route=\/wp\/v2\/pages\/54\/revisions"}],"predecessor-version":[{"id":686,"href":"http:\/\/joachim-borner.de\/index.php?rest_route=\/wp\/v2\/pages\/54\/revisions\/686"}],"wp:attachment":[{"href":"http:\/\/joachim-borner.de\/index.php?rest_route=%2Fwp%2Fv2%2Fmedia&parent=54"}],"curies":[{"name":"wp","href":"https:\/\/api.w.org\/{rel}","templated":true}]}}