{"id":538,"date":"2015-03-08T21:16:09","date_gmt":"2015-03-08T19:16:09","guid":{"rendered":"http:\/\/joachim-borner.de\/?page_id=538"},"modified":"2015-03-08T21:16:09","modified_gmt":"2015-03-08T19:16:09","slug":"tomate-black-cherry","status":"publish","type":"page","link":"http:\/\/joachim-borner.de\/?page_id=538","title":{"rendered":"Tomate Black Cherry"},"content":{"rendered":"<p>Reichtragende und w\u00fcchsige Cherrytomate (Fruchtgewicht ca. 25 g) mit dunkelviolett reifenden, platzfesten Fr\u00fcchten. Guter Geschmack und sehr gesunde Pflanzen. Besonders auch f\u00fcr Cherry-Mix-Schalen geeignet.<\/p>\n<p>Bingenheimer Saatgut<\/p>\n","protected":false},"excerpt":{"rendered":"<p>Reichtragende und w\u00fcchsige Cherrytomate (Fruchtgewicht ca. 25 g) mit dunkelviolett reifenden, platzfesten Fr\u00fcchten. Guter Geschmack und sehr gesunde Pflanzen. Besonders auch f\u00fcr Cherry-Mix-Schalen geeignet. Bingenheimer Saatgut<\/p>\n","protected":false},"author":1,"featured_media":0,"parent":142,"menu_order":0,"comment_status":"closed","ping_status":"closed","template":"sidebar-page.php","meta":{"footnotes":""},"class_list":["post-538","page","type-page","status-publish","hentry"],"_links":{"self":[{"href":"http:\/\/joachim-borner.de\/index.php?rest_route=\/wp\/v2\/pages\/538","targetHints":{"allow":["GET"]}}],"collection":[{"href":"http:\/\/joachim-borner.de\/index.php?rest_route=\/wp\/v2\/pages"}],"about":[{"href":"http:\/\/joachim-borner.de\/index.php?rest_route=\/wp\/v2\/types\/page"}],"author":[{"embeddable":true,"href":"http:\/\/joachim-borner.de\/index.php?rest_route=\/wp\/v2\/users\/1"}],"replies":[{"embeddable":true,"href":"http:\/\/joachim-borner.de\/index.php?rest_route=%2Fwp%2Fv2%2Fcomments&post=538"}],"version-history":[{"count":1,"href":"http:\/\/joachim-borner.de\/index.php?rest_route=\/wp\/v2\/pages\/538\/revisions"}],"predecessor-version":[{"id":539,"href":"http:\/\/joachim-borner.de\/index.php?rest_route=\/wp\/v2\/pages\/538\/revisions\/539"}],"up":[{"embeddable":true,"href":"http:\/\/joachim-borner.de\/index.php?rest_route=\/wp\/v2\/pages\/142"}],"wp:attachment":[{"href":"http:\/\/joachim-borner.de\/index.php?rest_route=%2Fwp%2Fv2%2Fmedia&parent=538"}],"curies":[{"name":"wp","href":"https:\/\/api.w.org\/{rel}","templated":true}]}}