{"id":531,"date":"2015-03-08T20:56:11","date_gmt":"2015-03-08T18:56:11","guid":{"rendered":"http:\/\/joachim-borner.de\/?page_id=531"},"modified":"2015-03-08T20:56:11","modified_gmt":"2015-03-08T18:56:11","slug":"tomate-nepal","status":"publish","type":"page","link":"http:\/\/joachim-borner.de\/?page_id=531","title":{"rendered":"Tomate Nepal"},"content":{"rendered":"<p>Nepal &#8211; mittelgro\u00dfe Pflanze (bis 2 m) fr\u00fcher Erntebeginn (Anfang August) \u00e4u\u00dferst ertragreich sehr gro\u00dfe, breitrunde, kaum gerippte, rote Fr\u00fcchte. Sehr fleischig und schmackhaft (Quelle: www.schoenetomaten.de)<\/p>\n","protected":false},"excerpt":{"rendered":"<p>Nepal &#8211; mittelgro\u00dfe Pflanze (bis 2 m) fr\u00fcher Erntebeginn (Anfang August) \u00e4u\u00dferst ertragreich sehr gro\u00dfe, breitrunde, kaum gerippte, rote Fr\u00fcchte. Sehr fleischig und schmackhaft (Quelle: www.schoenetomaten.de)<\/p>\n","protected":false},"author":1,"featured_media":0,"parent":142,"menu_order":0,"comment_status":"closed","ping_status":"closed","template":"sidebar-page.php","meta":{"footnotes":""},"class_list":["post-531","page","type-page","status-publish","hentry"],"_links":{"self":[{"href":"http:\/\/joachim-borner.de\/index.php?rest_route=\/wp\/v2\/pages\/531","targetHints":{"allow":["GET"]}}],"collection":[{"href":"http:\/\/joachim-borner.de\/index.php?rest_route=\/wp\/v2\/pages"}],"about":[{"href":"http:\/\/joachim-borner.de\/index.php?rest_route=\/wp\/v2\/types\/page"}],"author":[{"embeddable":true,"href":"http:\/\/joachim-borner.de\/index.php?rest_route=\/wp\/v2\/users\/1"}],"replies":[{"embeddable":true,"href":"http:\/\/joachim-borner.de\/index.php?rest_route=%2Fwp%2Fv2%2Fcomments&post=531"}],"version-history":[{"count":1,"href":"http:\/\/joachim-borner.de\/index.php?rest_route=\/wp\/v2\/pages\/531\/revisions"}],"predecessor-version":[{"id":532,"href":"http:\/\/joachim-borner.de\/index.php?rest_route=\/wp\/v2\/pages\/531\/revisions\/532"}],"up":[{"embeddable":true,"href":"http:\/\/joachim-borner.de\/index.php?rest_route=\/wp\/v2\/pages\/142"}],"wp:attachment":[{"href":"http:\/\/joachim-borner.de\/index.php?rest_route=%2Fwp%2Fv2%2Fmedia&parent=531"}],"curies":[{"name":"wp","href":"https:\/\/api.w.org\/{rel}","templated":true}]}}