{"id":48,"date":"2013-12-05T19:12:35","date_gmt":"2013-12-05T17:12:35","guid":{"rendered":"http:\/\/joachim-borner.de\/?page_id=48"},"modified":"2015-03-08T22:54:32","modified_gmt":"2015-03-08T20:54:32","slug":"obst-und-gemueseanbau-2","status":"publish","type":"page","link":"http:\/\/joachim-borner.de\/?page_id=48","title":{"rendered":"Obst und Gem\u00fcse"},"content":{"rendered":"<p><a href=\"http:\/\/joachim-borner.de\/wp-content\/uploads\/2013\/12\/bild_obst_und_gemuse.jpg\"><img loading=\"lazy\" decoding=\"async\" class=\"alignnone size-full wp-image-95\" alt=\"bild_obst_und_gemuse\" src=\"http:\/\/joachim-borner.de\/wp-content\/uploads\/2013\/12\/bild_obst_und_gemuse.jpg\" width=\"250\" height=\"166\" \/><\/a><br \/>\nWir betreiben in Karnitz einen kleine G\u00e4rtnerei, die sich um den Erhalt alter Sorten im Obst-, Gem\u00fcse- und Samenanbau k\u00fcmmert.<br \/>\nWir erhalten alte Sorten und produzieren Obst und Gem\u00fcse sowie Samen und Jungpflanzen f\u00fcr den Verkauf.<br \/>\nUnser Obst-und Gem\u00fcseangebot sowie Samen und Jungpflanzengebot finden Sie unter dem Navigationspunkt\u00a0 <a title=\"Sortiment\" href=\"http:\/\/joachim-borner.de\/?page_id=229\">Sortiment<\/a>.<br \/>\nDa wir Liebhaber guten Essen und Trinkens sind, ist es Ehrensache, Sie mit geerntetem Obst und Gem\u00fcse bestens zu verk\u00f6stigen.<br \/>\nZur Auswahl stehen Gelees und Marmeladen sowie S\u00e4fte, Cidre und Apfelweine.<\/p>\n<p>Wir sind registriert beim Fachverein \u00d6ko-Kontrolle e.V.<\/p>\n","protected":false},"excerpt":{"rendered":"<p>Wir betreiben in Karnitz einen kleine G\u00e4rtnerei, die sich um den Erhalt alter Sorten im Obst-, Gem\u00fcse- und Samenanbau k\u00fcmmert. Wir erhalten alte Sorten und produzieren Obst und Gem\u00fcse sowie Samen und Jungpflanzen f\u00fcr den Verkauf. Unser Obst-und Gem\u00fcseangebot sowie &hellip; <a href=\"http:\/\/joachim-borner.de\/?page_id=48\">Weiterlesen <span class=\"meta-nav\">&rarr;<\/span><\/a><\/p>\n","protected":false},"author":1,"featured_media":0,"parent":0,"menu_order":0,"comment_status":"closed","ping_status":"closed","template":"sidebar-page.php","meta":{"footnotes":""},"class_list":["post-48","page","type-page","status-publish","hentry"],"_links":{"self":[{"href":"http:\/\/joachim-borner.de\/index.php?rest_route=\/wp\/v2\/pages\/48","targetHints":{"allow":["GET"]}}],"collection":[{"href":"http:\/\/joachim-borner.de\/index.php?rest_route=\/wp\/v2\/pages"}],"about":[{"href":"http:\/\/joachim-borner.de\/index.php?rest_route=\/wp\/v2\/types\/page"}],"author":[{"embeddable":true,"href":"http:\/\/joachim-borner.de\/index.php?rest_route=\/wp\/v2\/users\/1"}],"replies":[{"embeddable":true,"href":"http:\/\/joachim-borner.de\/index.php?rest_route=%2Fwp%2Fv2%2Fcomments&post=48"}],"version-history":[{"count":10,"href":"http:\/\/joachim-borner.de\/index.php?rest_route=\/wp\/v2\/pages\/48\/revisions"}],"predecessor-version":[{"id":551,"href":"http:\/\/joachim-borner.de\/index.php?rest_route=\/wp\/v2\/pages\/48\/revisions\/551"}],"wp:attachment":[{"href":"http:\/\/joachim-borner.de\/index.php?rest_route=%2Fwp%2Fv2%2Fmedia&parent=48"}],"curies":[{"name":"wp","href":"https:\/\/api.w.org\/{rel}","templated":true}]}}