{"id":473,"date":"2014-06-16T10:43:42","date_gmt":"2014-06-16T08:43:42","guid":{"rendered":"http:\/\/joachim-borner.de\/?page_id=473"},"modified":"2014-06-16T10:43:42","modified_gmt":"2014-06-16T08:43:42","slug":"kerbel","status":"publish","type":"page","link":"http:\/\/joachim-borner.de\/?page_id=473","title":{"rendered":"Kerbel"},"content":{"rendered":"<p>S\u00fc\u00dflich frischer Geschmack- als Aromageber f\u00fcr Saucen, Salate, Fisch, Suppen(Gr\u00fcndonnerstagsuppe) sehr gerne verwendet. Immer erst am Ende des Garprozesses hinzugeben, da er schnell sein Aroma verliert.<\/p>\n","protected":false},"excerpt":{"rendered":"<p>S\u00fc\u00dflich frischer Geschmack- als Aromageber f\u00fcr Saucen, Salate, Fisch, Suppen(Gr\u00fcndonnerstagsuppe) sehr gerne verwendet. Immer erst am Ende des Garprozesses hinzugeben, da er schnell sein Aroma verliert.<\/p>\n","protected":false},"author":1,"featured_media":0,"parent":167,"menu_order":0,"comment_status":"closed","ping_status":"closed","template":"sidebar-page.php","meta":{"footnotes":""},"class_list":["post-473","page","type-page","status-publish","hentry"],"_links":{"self":[{"href":"http:\/\/joachim-borner.de\/index.php?rest_route=\/wp\/v2\/pages\/473","targetHints":{"allow":["GET"]}}],"collection":[{"href":"http:\/\/joachim-borner.de\/index.php?rest_route=\/wp\/v2\/pages"}],"about":[{"href":"http:\/\/joachim-borner.de\/index.php?rest_route=\/wp\/v2\/types\/page"}],"author":[{"embeddable":true,"href":"http:\/\/joachim-borner.de\/index.php?rest_route=\/wp\/v2\/users\/1"}],"replies":[{"embeddable":true,"href":"http:\/\/joachim-borner.de\/index.php?rest_route=%2Fwp%2Fv2%2Fcomments&post=473"}],"version-history":[{"count":1,"href":"http:\/\/joachim-borner.de\/index.php?rest_route=\/wp\/v2\/pages\/473\/revisions"}],"predecessor-version":[{"id":474,"href":"http:\/\/joachim-borner.de\/index.php?rest_route=\/wp\/v2\/pages\/473\/revisions\/474"}],"up":[{"embeddable":true,"href":"http:\/\/joachim-borner.de\/index.php?rest_route=\/wp\/v2\/pages\/167"}],"wp:attachment":[{"href":"http:\/\/joachim-borner.de\/index.php?rest_route=%2Fwp%2Fv2%2Fmedia&parent=473"}],"curies":[{"name":"wp","href":"https:\/\/api.w.org\/{rel}","templated":true}]}}