{"id":471,"date":"2014-06-16T10:29:31","date_gmt":"2014-06-16T08:29:31","guid":{"rendered":"http:\/\/joachim-borner.de\/?page_id=471"},"modified":"2014-06-16T11:18:34","modified_gmt":"2014-06-16T09:18:34","slug":"rosmarin-arp-rosmarinus-officinalis","status":"publish","type":"page","link":"http:\/\/joachim-borner.de\/?page_id=471","title":{"rendered":"Rosmarin \u2018Arp\u2019 \u2013 Rosmarinus officinalis"},"content":{"rendered":"<p>Extrem robuste Pflanze, die harschen Wetterbedingungen trotzt (tolerant gegen\u00fcber Temperaturen von bis zu -20\u00b0C). Hellblaue Bl\u00fcten. Als Gew\u00fcrz verschiedenste Verwendungsm\u00f6glichkeiten (Tomaten, Auberginen, Bratkartoffeln etc.).<\/p>\n","protected":false},"excerpt":{"rendered":"<p>Extrem robuste Pflanze, die harschen Wetterbedingungen trotzt (tolerant gegen\u00fcber Temperaturen von bis zu -20\u00b0C). Hellblaue Bl\u00fcten. Als Gew\u00fcrz verschiedenste Verwendungsm\u00f6glichkeiten (Tomaten, Auberginen, Bratkartoffeln etc.).<\/p>\n","protected":false},"author":1,"featured_media":0,"parent":167,"menu_order":0,"comment_status":"closed","ping_status":"closed","template":"sidebar-page.php","meta":{"footnotes":""},"class_list":["post-471","page","type-page","status-publish","hentry"],"_links":{"self":[{"href":"http:\/\/joachim-borner.de\/index.php?rest_route=\/wp\/v2\/pages\/471","targetHints":{"allow":["GET"]}}],"collection":[{"href":"http:\/\/joachim-borner.de\/index.php?rest_route=\/wp\/v2\/pages"}],"about":[{"href":"http:\/\/joachim-borner.de\/index.php?rest_route=\/wp\/v2\/types\/page"}],"author":[{"embeddable":true,"href":"http:\/\/joachim-borner.de\/index.php?rest_route=\/wp\/v2\/users\/1"}],"replies":[{"embeddable":true,"href":"http:\/\/joachim-borner.de\/index.php?rest_route=%2Fwp%2Fv2%2Fcomments&post=471"}],"version-history":[{"count":3,"href":"http:\/\/joachim-borner.de\/index.php?rest_route=\/wp\/v2\/pages\/471\/revisions"}],"predecessor-version":[{"id":482,"href":"http:\/\/joachim-borner.de\/index.php?rest_route=\/wp\/v2\/pages\/471\/revisions\/482"}],"up":[{"embeddable":true,"href":"http:\/\/joachim-borner.de\/index.php?rest_route=\/wp\/v2\/pages\/167"}],"wp:attachment":[{"href":"http:\/\/joachim-borner.de\/index.php?rest_route=%2Fwp%2Fv2%2Fmedia&parent=471"}],"curies":[{"name":"wp","href":"https:\/\/api.w.org\/{rel}","templated":true}]}}