{"id":462,"date":"2014-06-16T10:11:16","date_gmt":"2014-06-16T08:11:16","guid":{"rendered":"http:\/\/joachim-borner.de\/?page_id=462"},"modified":"2014-06-16T10:12:18","modified_gmt":"2014-06-16T08:12:18","slug":"faerberkamille-anthemis-tinctoria","status":"publish","type":"page","link":"http:\/\/joachim-borner.de\/?page_id=462","title":{"rendered":"F\u00e4rberkamille \u2013 Anthemis tinctoria"},"content":{"rendered":"<p>Eine gelbfarbige Pionierpflanze, die wie ihr Name erahnen l\u00e4sst, in fr\u00fcheren Zeiten zum F\u00e4rben von Wolle benutzt wurde. Bevorzugt humosarme sandige B\u00f6den.<br \/>\nRemontierend.<\/p>\n","protected":false},"excerpt":{"rendered":"<p>Eine gelbfarbige Pionierpflanze, die wie ihr Name erahnen l\u00e4sst, in fr\u00fcheren Zeiten zum F\u00e4rben von Wolle benutzt wurde. Bevorzugt humosarme sandige B\u00f6den. Remontierend.<\/p>\n","protected":false},"author":1,"featured_media":0,"parent":167,"menu_order":0,"comment_status":"closed","ping_status":"closed","template":"sidebar-page.php","meta":{"footnotes":""},"class_list":["post-462","page","type-page","status-publish","hentry"],"_links":{"self":[{"href":"http:\/\/joachim-borner.de\/index.php?rest_route=\/wp\/v2\/pages\/462","targetHints":{"allow":["GET"]}}],"collection":[{"href":"http:\/\/joachim-borner.de\/index.php?rest_route=\/wp\/v2\/pages"}],"about":[{"href":"http:\/\/joachim-borner.de\/index.php?rest_route=\/wp\/v2\/types\/page"}],"author":[{"embeddable":true,"href":"http:\/\/joachim-borner.de\/index.php?rest_route=\/wp\/v2\/users\/1"}],"replies":[{"embeddable":true,"href":"http:\/\/joachim-borner.de\/index.php?rest_route=%2Fwp%2Fv2%2Fcomments&post=462"}],"version-history":[{"count":1,"href":"http:\/\/joachim-borner.de\/index.php?rest_route=\/wp\/v2\/pages\/462\/revisions"}],"predecessor-version":[{"id":464,"href":"http:\/\/joachim-borner.de\/index.php?rest_route=\/wp\/v2\/pages\/462\/revisions\/464"}],"up":[{"embeddable":true,"href":"http:\/\/joachim-borner.de\/index.php?rest_route=\/wp\/v2\/pages\/167"}],"wp:attachment":[{"href":"http:\/\/joachim-borner.de\/index.php?rest_route=%2Fwp%2Fv2%2Fmedia&parent=462"}],"curies":[{"name":"wp","href":"https:\/\/api.w.org\/{rel}","templated":true}]}}