{"id":458,"date":"2014-06-16T10:01:13","date_gmt":"2014-06-16T08:01:13","guid":{"rendered":"http:\/\/joachim-borner.de\/?page_id=458"},"modified":"2014-06-16T10:03:37","modified_gmt":"2014-06-16T08:03:37","slug":"baerlauch-allium-ursinum","status":"publish","type":"page","link":"http:\/\/joachim-borner.de\/?page_id=458","title":{"rendered":"B\u00e4rlauch \u2013 Allium ursinum"},"content":{"rendered":"<p>Der B\u00e4rlauch verbreitet sich durch Selbstaussaat- \u00fcber Bruzwiebeln breitet er sich aus.<br \/>\nAls Pesto, Raviolif\u00fcllung geeignet.<\/p>\n","protected":false},"excerpt":{"rendered":"<p>Der B\u00e4rlauch verbreitet sich durch Selbstaussaat- \u00fcber Bruzwiebeln breitet er sich aus. Als Pesto, Raviolif\u00fcllung geeignet.<\/p>\n","protected":false},"author":1,"featured_media":0,"parent":167,"menu_order":0,"comment_status":"closed","ping_status":"closed","template":"sidebar-page.php","meta":{"footnotes":""},"class_list":["post-458","page","type-page","status-publish","hentry"],"_links":{"self":[{"href":"http:\/\/joachim-borner.de\/index.php?rest_route=\/wp\/v2\/pages\/458","targetHints":{"allow":["GET"]}}],"collection":[{"href":"http:\/\/joachim-borner.de\/index.php?rest_route=\/wp\/v2\/pages"}],"about":[{"href":"http:\/\/joachim-borner.de\/index.php?rest_route=\/wp\/v2\/types\/page"}],"author":[{"embeddable":true,"href":"http:\/\/joachim-borner.de\/index.php?rest_route=\/wp\/v2\/users\/1"}],"replies":[{"embeddable":true,"href":"http:\/\/joachim-borner.de\/index.php?rest_route=%2Fwp%2Fv2%2Fcomments&post=458"}],"version-history":[{"count":1,"href":"http:\/\/joachim-borner.de\/index.php?rest_route=\/wp\/v2\/pages\/458\/revisions"}],"predecessor-version":[{"id":460,"href":"http:\/\/joachim-borner.de\/index.php?rest_route=\/wp\/v2\/pages\/458\/revisions\/460"}],"up":[{"embeddable":true,"href":"http:\/\/joachim-borner.de\/index.php?rest_route=\/wp\/v2\/pages\/167"}],"wp:attachment":[{"href":"http:\/\/joachim-borner.de\/index.php?rest_route=%2Fwp%2Fv2%2Fmedia&parent=458"}],"curies":[{"name":"wp","href":"https:\/\/api.w.org\/{rel}","templated":true}]}}