{"id":421,"date":"2014-06-13T12:57:21","date_gmt":"2014-06-13T10:57:21","guid":{"rendered":"http:\/\/joachim-borner.de\/?page_id=421"},"modified":"2015-03-09T00:16:06","modified_gmt":"2015-03-08T22:16:06","slug":"garten-erdbeere-erdbeerwiese-fragaria-x-ananassa-florika","status":"publish","type":"page","link":"http:\/\/joachim-borner.de\/?page_id=421","title":{"rendered":"Garten-Erdbeere, Erdbeerwiese &#8211; Fragaria x ananassa &#8218;Florika&#8216;"},"content":{"rendered":"<p><a href=\"http:\/\/joachim-borner.de\/wp-content\/uploads\/2014\/06\/Garten-Erdbeere1.jpeg\"><img loading=\"lazy\" decoding=\"async\" class=\"alignnone size-medium wp-image-397\" alt=\"Garten-Erdbeere1\" src=\"http:\/\/joachim-borner.de\/wp-content\/uploads\/2014\/06\/Garten-Erdbeere1-300x198.jpeg\" width=\"300\" height=\"198\" srcset=\"http:\/\/joachim-borner.de\/wp-content\/uploads\/2014\/06\/Garten-Erdbeere1-300x198.jpeg 300w, http:\/\/joachim-borner.de\/wp-content\/uploads\/2014\/06\/Garten-Erdbeere1-1024x678.jpeg 1024w, http:\/\/joachim-borner.de\/wp-content\/uploads\/2014\/06\/Garten-Erdbeere1-452x300.jpeg 452w\" sizes=\"auto, (max-width: 300px) 100vw, 300px\" \/><\/a><br \/>\nGarten-Erdbeere, Erdbeerwiese &#8211; Fragaria x ananassa &#8218;Florika&#8216;<\/p>\n<p>Die gesch\u00fctzte Sorte ist als Erdbeerwiese bekannt. Sehr vital und widerstandsf\u00e4hig und mit relativ gro\u00dfen Fr\u00fcchten.<br \/>\nDie Fr\u00fcchtespender k\u00f6nnen in sonnigen bis halbschattigen Lagen auch als lockerw\u00fcchsiger Fl\u00e4chendecker verwendet werden. F\u00fcr locker-humose bis sandig-lehmige, n\u00e4hrstoffreiche B\u00f6den. Erdbeeren sind auch gut f\u00fcr K\u00e4sten und K\u00fcbel geeignet.<\/p>\n<p>Bezug: Staudeng\u00e4rtnerei Gaissmayer<\/p>\n","protected":false},"excerpt":{"rendered":"<p>Garten-Erdbeere, Erdbeerwiese &#8211; Fragaria x ananassa &#8218;Florika&#8216; Die gesch\u00fctzte Sorte ist als Erdbeerwiese bekannt. Sehr vital und widerstandsf\u00e4hig und mit relativ gro\u00dfen Fr\u00fcchten. Die Fr\u00fcchtespender k\u00f6nnen in sonnigen bis halbschattigen Lagen auch als lockerw\u00fcchsiger Fl\u00e4chendecker verwendet werden. F\u00fcr locker-humose bis &hellip; <a href=\"http:\/\/joachim-borner.de\/?page_id=421\">Weiterlesen <span class=\"meta-nav\">&rarr;<\/span><\/a><\/p>\n","protected":false},"author":1,"featured_media":0,"parent":124,"menu_order":0,"comment_status":"closed","ping_status":"closed","template":"sidebar-page.php","meta":{"footnotes":""},"class_list":["post-421","page","type-page","status-publish","hentry"],"_links":{"self":[{"href":"http:\/\/joachim-borner.de\/index.php?rest_route=\/wp\/v2\/pages\/421","targetHints":{"allow":["GET"]}}],"collection":[{"href":"http:\/\/joachim-borner.de\/index.php?rest_route=\/wp\/v2\/pages"}],"about":[{"href":"http:\/\/joachim-borner.de\/index.php?rest_route=\/wp\/v2\/types\/page"}],"author":[{"embeddable":true,"href":"http:\/\/joachim-borner.de\/index.php?rest_route=\/wp\/v2\/users\/1"}],"replies":[{"embeddable":true,"href":"http:\/\/joachim-borner.de\/index.php?rest_route=%2Fwp%2Fv2%2Fcomments&post=421"}],"version-history":[{"count":3,"href":"http:\/\/joachim-borner.de\/index.php?rest_route=\/wp\/v2\/pages\/421\/revisions"}],"predecessor-version":[{"id":559,"href":"http:\/\/joachim-borner.de\/index.php?rest_route=\/wp\/v2\/pages\/421\/revisions\/559"}],"up":[{"embeddable":true,"href":"http:\/\/joachim-borner.de\/index.php?rest_route=\/wp\/v2\/pages\/124"}],"wp:attachment":[{"href":"http:\/\/joachim-borner.de\/index.php?rest_route=%2Fwp%2Fv2%2Fmedia&parent=421"}],"curies":[{"name":"wp","href":"https:\/\/api.w.org\/{rel}","templated":true}]}}