{"id":372,"date":"2014-06-13T11:29:24","date_gmt":"2014-06-13T09:29:24","guid":{"rendered":"http:\/\/joachim-borner.de\/?page_id=372"},"modified":"2015-03-08T20:45:45","modified_gmt":"2015-03-08T18:45:45","slug":"tomatillo-purple","status":"publish","type":"page","link":"http:\/\/joachim-borner.de\/?page_id=372","title":{"rendered":"Tomatillo Purple"},"content":{"rendered":"<p>Die violetten Fr\u00fcchte, schmecken s\u00e4uerlich-w\u00fcrzig. Sie bilden oft die Grundlage f\u00fcr Gerichte der mexikanischen K\u00fcche wie z.B. Salsa-Saucen sowie f\u00fcr Eint\u00f6pfe und Suppen. Die Tomatillo mag den Halbschatten. Vorkultivieren ab Mitte M\u00e4rz, Pflanzung ins Freiland ab Mitte Mai.<\/p>\n<p>&nbsp;<\/p>\n","protected":false},"excerpt":{"rendered":"<p>Die violetten Fr\u00fcchte, schmecken s\u00e4uerlich-w\u00fcrzig. Sie bilden oft die Grundlage f\u00fcr Gerichte der mexikanischen K\u00fcche wie z.B. Salsa-Saucen sowie f\u00fcr Eint\u00f6pfe und Suppen. Die Tomatillo mag den Halbschatten. Vorkultivieren ab Mitte M\u00e4rz, Pflanzung ins Freiland ab Mitte Mai. &nbsp;<\/p>\n","protected":false},"author":1,"featured_media":0,"parent":142,"menu_order":0,"comment_status":"closed","ping_status":"closed","template":"sidebar-page.php","meta":{"footnotes":""},"class_list":["post-372","page","type-page","status-publish","hentry"],"_links":{"self":[{"href":"http:\/\/joachim-borner.de\/index.php?rest_route=\/wp\/v2\/pages\/372","targetHints":{"allow":["GET"]}}],"collection":[{"href":"http:\/\/joachim-borner.de\/index.php?rest_route=\/wp\/v2\/pages"}],"about":[{"href":"http:\/\/joachim-borner.de\/index.php?rest_route=\/wp\/v2\/types\/page"}],"author":[{"embeddable":true,"href":"http:\/\/joachim-borner.de\/index.php?rest_route=\/wp\/v2\/users\/1"}],"replies":[{"embeddable":true,"href":"http:\/\/joachim-borner.de\/index.php?rest_route=%2Fwp%2Fv2%2Fcomments&post=372"}],"version-history":[{"count":5,"href":"http:\/\/joachim-borner.de\/index.php?rest_route=\/wp\/v2\/pages\/372\/revisions"}],"predecessor-version":[{"id":530,"href":"http:\/\/joachim-borner.de\/index.php?rest_route=\/wp\/v2\/pages\/372\/revisions\/530"}],"up":[{"embeddable":true,"href":"http:\/\/joachim-borner.de\/index.php?rest_route=\/wp\/v2\/pages\/142"}],"wp:attachment":[{"href":"http:\/\/joachim-borner.de\/index.php?rest_route=%2Fwp%2Fv2%2Fmedia&parent=372"}],"curies":[{"name":"wp","href":"https:\/\/api.w.org\/{rel}","templated":true}]}}