{"id":370,"date":"2014-06-13T11:20:10","date_gmt":"2014-06-13T09:20:10","guid":{"rendered":"http:\/\/joachim-borner.de\/?page_id=370"},"modified":"2014-06-16T11:31:41","modified_gmt":"2014-06-16T09:31:41","slug":"rubinrote-gartenmelde","status":"publish","type":"page","link":"http:\/\/joachim-borner.de\/?page_id=370","title":{"rendered":"Rubinrote Gartenmelde"},"content":{"rendered":"<p>Die purpurroten Bl\u00e4ttern der Gartenmelde stechen im Garten sofort hervor! Aber auch in der K\u00fcche ein echter Hingucker. Die Bl\u00e4tter k\u00f6nnen als Salatbeilage verwendet werden; durchaus schmackhaft auch als Spinat oder Cremesuppe, als Crepef\u00fcllung etc.<\/p>\n","protected":false},"excerpt":{"rendered":"<p>Die purpurroten Bl\u00e4ttern der Gartenmelde stechen im Garten sofort hervor! Aber auch in der K\u00fcche ein echter Hingucker. Die Bl\u00e4tter k\u00f6nnen als Salatbeilage verwendet werden; durchaus schmackhaft auch als Spinat oder Cremesuppe, als Crepef\u00fcllung etc.<\/p>\n","protected":false},"author":1,"featured_media":0,"parent":142,"menu_order":0,"comment_status":"closed","ping_status":"closed","template":"sidebar-page.php","meta":{"footnotes":""},"class_list":["post-370","page","type-page","status-publish","hentry"],"_links":{"self":[{"href":"http:\/\/joachim-borner.de\/index.php?rest_route=\/wp\/v2\/pages\/370","targetHints":{"allow":["GET"]}}],"collection":[{"href":"http:\/\/joachim-borner.de\/index.php?rest_route=\/wp\/v2\/pages"}],"about":[{"href":"http:\/\/joachim-borner.de\/index.php?rest_route=\/wp\/v2\/types\/page"}],"author":[{"embeddable":true,"href":"http:\/\/joachim-borner.de\/index.php?rest_route=\/wp\/v2\/users\/1"}],"replies":[{"embeddable":true,"href":"http:\/\/joachim-borner.de\/index.php?rest_route=%2Fwp%2Fv2%2Fcomments&post=370"}],"version-history":[{"count":6,"href":"http:\/\/joachim-borner.de\/index.php?rest_route=\/wp\/v2\/pages\/370\/revisions"}],"predecessor-version":[{"id":484,"href":"http:\/\/joachim-borner.de\/index.php?rest_route=\/wp\/v2\/pages\/370\/revisions\/484"}],"up":[{"embeddable":true,"href":"http:\/\/joachim-borner.de\/index.php?rest_route=\/wp\/v2\/pages\/142"}],"wp:attachment":[{"href":"http:\/\/joachim-borner.de\/index.php?rest_route=%2Fwp%2Fv2%2Fmedia&parent=370"}],"curies":[{"name":"wp","href":"https:\/\/api.w.org\/{rel}","templated":true}]}}