{"id":349,"date":"2014-06-12T14:12:13","date_gmt":"2014-06-12T12:12:13","guid":{"rendered":"http:\/\/joachim-borner.de\/?page_id=349"},"modified":"2014-06-16T14:11:02","modified_gmt":"2014-06-16T12:11:02","slug":"tomate-goldene-koenigin-freiland-stabtomate","status":"publish","type":"page","link":"http:\/\/joachim-borner.de\/?page_id=349","title":{"rendered":"Tomate Goldene K\u00f6nigin, (Freiland-Stabtomate)"},"content":{"rendered":"<p>Urspr\u00fcnglich als Liebesapfel bezeichnet, besitzt die &#8222;goldene K\u00f6nigin&#8220; mit ihren goldgelben Fr\u00fcchte einen fruchtig-aromatischen Geschmack. Besonders f\u00e4ulnisresistent.<\/p>\n","protected":false},"excerpt":{"rendered":"<p>Urspr\u00fcnglich als Liebesapfel bezeichnet, besitzt die &#8222;goldene K\u00f6nigin&#8220; mit ihren goldgelben Fr\u00fcchte einen fruchtig-aromatischen Geschmack. Besonders f\u00e4ulnisresistent.<\/p>\n","protected":false},"author":1,"featured_media":0,"parent":229,"menu_order":0,"comment_status":"closed","ping_status":"closed","template":"sidebar-page.php","meta":{"footnotes":""},"class_list":["post-349","page","type-page","status-publish","hentry"],"_links":{"self":[{"href":"http:\/\/joachim-borner.de\/index.php?rest_route=\/wp\/v2\/pages\/349","targetHints":{"allow":["GET"]}}],"collection":[{"href":"http:\/\/joachim-borner.de\/index.php?rest_route=\/wp\/v2\/pages"}],"about":[{"href":"http:\/\/joachim-borner.de\/index.php?rest_route=\/wp\/v2\/types\/page"}],"author":[{"embeddable":true,"href":"http:\/\/joachim-borner.de\/index.php?rest_route=\/wp\/v2\/users\/1"}],"replies":[{"embeddable":true,"href":"http:\/\/joachim-borner.de\/index.php?rest_route=%2Fwp%2Fv2%2Fcomments&post=349"}],"version-history":[{"count":4,"href":"http:\/\/joachim-borner.de\/index.php?rest_route=\/wp\/v2\/pages\/349\/revisions"}],"predecessor-version":[{"id":495,"href":"http:\/\/joachim-borner.de\/index.php?rest_route=\/wp\/v2\/pages\/349\/revisions\/495"}],"up":[{"embeddable":true,"href":"http:\/\/joachim-borner.de\/index.php?rest_route=\/wp\/v2\/pages\/229"}],"wp:attachment":[{"href":"http:\/\/joachim-borner.de\/index.php?rest_route=%2Fwp%2Fv2%2Fmedia&parent=349"}],"curies":[{"name":"wp","href":"https:\/\/api.w.org\/{rel}","templated":true}]}}