{"id":167,"date":"2013-12-24T00:56:21","date_gmt":"2013-12-23T22:56:21","guid":{"rendered":"http:\/\/joachim-borner.de\/?page_id=167"},"modified":"2015-07-16T08:58:02","modified_gmt":"2015-07-16T06:58:02","slug":"kraeuter","status":"publish","type":"page","link":"http:\/\/joachim-borner.de\/?page_id=167","title":{"rendered":"Kr\u00e4uter"},"content":{"rendered":"<p><a title=\"B\u00e4rlauch \u2013 Allium ursinum\" href=\"http:\/\/joachim-borner.de\/?page_id=458\">B\u00e4rlauch<\/a> &#8211; Allium ursinum<\/p>\n<p><a title=\"F\u00e4rberkamille \u2013 Anthemis tinctoria\" href=\"http:\/\/joachim-borner.de\/?page_id=462\">F\u00e4rberkamille<\/a> &#8211; Anthemis tinctoria<\/p>\n<p><a title=\"Kerbel\" href=\"http:\/\/joachim-borner.de\/?page_id=473\">Kaskaden-Thymian &#8211; Thymus longicaulis ssp. odoratus<\/a><\/p>\n<p><a title=\"Kerbel\" href=\"http:\/\/joachim-borner.de\/?page_id=473\">Kerbel<\/a><\/p>\n<p><a title=\"R\u00f6mische Kamille \u2013 Chamaemelum nobile\" href=\"http:\/\/joachim-borner.de\/?page_id=465\">R\u00f6mische Kamille<\/a> &#8211; Chamaemelum nobile<\/p>\n<p><a title=\"Rosmarin \u2018Arp\u2019 \u2013 Rosmarinus officinalis\" href=\"http:\/\/joachim-borner.de\/?page_id=471\">Rosmarin &#8218;Arp&#8216;<\/a> &#8211; Rosmarinus officinalis<\/p>\n<p><a title=\"Kerbel\" href=\"http:\/\/joachim-borner.de\/?page_id=473\">Rubinrote Gartenmelde<\/a><\/p>\n<p><a title=\"Vietnamesischer Koriander \u2013 Polygonum odoratum\" href=\"http:\/\/joachim-borner.de\/?page_id=360\">Vietnamesischer Koriander<\/a> &#8211; Polygonum odoratum<\/p>\n<p><a title=\"Weinraute \u2018Jackman\u2019s Blue\u2019 \u2013 Ruta graveolens\" href=\"http:\/\/joachim-borner.de\/?page_id=475\">Weinraute &#8218;Jackman&#8217;s Blue&#8216; <\/a>&#8211; Ruta graveolens<\/p>\n<p><a title=\"Wilde Artischocke Kardy \u2013 Cynara cardunculus\" href=\"http:\/\/joachim-borner.de\/?page_id=353\">Wilde Artischocke Kardy<\/a> &#8211; Cynara cardunculus<\/p>\n<p><a title=\"Wermut \u2013 Artemisia absinthium\" href=\"http:\/\/joachim-borner.de\/?page_id=477\">Wermut<\/a> &#8211; Artemisia absinthium<\/p>\n<p>Zitronenverbene &#8211; Lippia citriodora<\/p>\n","protected":false},"excerpt":{"rendered":"<p>B\u00e4rlauch &#8211; Allium ursinum F\u00e4rberkamille &#8211; Anthemis tinctoria Kaskaden-Thymian &#8211; Thymus longicaulis ssp. odoratus Kerbel R\u00f6mische Kamille &#8211; Chamaemelum nobile Rosmarin &#8218;Arp&#8216; &#8211; Rosmarinus officinalis Rubinrote Gartenmelde Vietnamesischer Koriander &#8211; Polygonum odoratum Weinraute &#8218;Jackman&#8217;s Blue&#8216; &#8211; Ruta graveolens Wilde Artischocke &hellip; <a href=\"http:\/\/joachim-borner.de\/?page_id=167\">Weiterlesen <span class=\"meta-nav\">&rarr;<\/span><\/a><\/p>\n","protected":false},"author":1,"featured_media":0,"parent":229,"menu_order":0,"comment_status":"closed","ping_status":"closed","template":"sidebar-page.php","meta":{"footnotes":""},"class_list":["post-167","page","type-page","status-publish","hentry"],"_links":{"self":[{"href":"http:\/\/joachim-borner.de\/index.php?rest_route=\/wp\/v2\/pages\/167","targetHints":{"allow":["GET"]}}],"collection":[{"href":"http:\/\/joachim-borner.de\/index.php?rest_route=\/wp\/v2\/pages"}],"about":[{"href":"http:\/\/joachim-borner.de\/index.php?rest_route=\/wp\/v2\/types\/page"}],"author":[{"embeddable":true,"href":"http:\/\/joachim-borner.de\/index.php?rest_route=\/wp\/v2\/users\/1"}],"replies":[{"embeddable":true,"href":"http:\/\/joachim-borner.de\/index.php?rest_route=%2Fwp%2Fv2%2Fcomments&post=167"}],"version-history":[{"count":8,"href":"http:\/\/joachim-borner.de\/index.php?rest_route=\/wp\/v2\/pages\/167\/revisions"}],"predecessor-version":[{"id":565,"href":"http:\/\/joachim-borner.de\/index.php?rest_route=\/wp\/v2\/pages\/167\/revisions\/565"}],"up":[{"embeddable":true,"href":"http:\/\/joachim-borner.de\/index.php?rest_route=\/wp\/v2\/pages\/229"}],"wp:attachment":[{"href":"http:\/\/joachim-borner.de\/index.php?rest_route=%2Fwp%2Fv2%2Fmedia&parent=167"}],"curies":[{"name":"wp","href":"https:\/\/api.w.org\/{rel}","templated":true}]}}