{"id":152,"date":"2013-12-23T23:06:15","date_gmt":"2013-12-23T21:06:15","guid":{"rendered":"http:\/\/joachim-borner.de\/?page_id=152"},"modified":"2015-03-08T22:45:10","modified_gmt":"2015-03-08T20:45:10","slug":"samen-und-kraeuter","status":"publish","type":"page","link":"http:\/\/joachim-borner.de\/?page_id=152","title":{"rendered":"Saatgut und Pflanzen"},"content":{"rendered":"<p>Immer mehr alte Kultursorten gehen verloren und werden im konventionellen Handel durch wenige Standard-Sorten dominanter Gro\u00df-Saatgutbetriebe ersetzt. Diese Sorten sind oft hybrider Herkunft, d.h. sie sind nicht samenfest und eigenst\u00e4ndig weiter vermehrbar.<\/p>\n<p>Wir bieten ausschlie\u00dflich \u00f6kologisches Saat- und Pflanzgut samenfester Sorten an, welches wir \u00fcber die <a href=\"http:\/\/www.bingenheimersaatgut.de\">Bingenheimer Saatgut AG<\/a>, <a href=\"http:\/\/www.reinsaat.at\">ReinSaat<\/a>, <a href=\"http:\/\/www.dreschflegel-saatgut.de\/\">Dreschflegel e.V. <\/a>und <a href=\"http:\/\/vern.de\/\">VERN e.V. <\/a>beziehen und aus dem Anbau eigenen Samen ernten. Diese Samen k\u00f6nnen mit stabilem Sortenbild weiter vermehrt werden, das hei\u00dft, die nachgezogenen Pflanzen haben die gleichen Eigenschaften und die gleiche Gestalt wie die Mutterpflanze und sind in der Lage, fruchtbare Samen zu bilden.<\/p>\n<p>Nicht als \u00f6kologisches Saatgut erh\u00e4ltliche Sorten bekommen wir von anderen Sammlern als Samen und ziehen daraus bei uns im organisch-biologischen Anbau Pflanzen, aus denen wir \u00f6kologisches Saatgut gewinnen. Dies betrifft in erster Linie die Samen chilenischer Freunde, die sich um den Erhalt alter lateinamerikanischer Kultursorten wie Tomaten, Mais und Bohnen, Amaranth und Quinoa k\u00fcmmern.<\/p>\n","protected":false},"excerpt":{"rendered":"<p>Immer mehr alte Kultursorten gehen verloren und werden im konventionellen Handel durch wenige Standard-Sorten dominanter Gro\u00df-Saatgutbetriebe ersetzt. Diese Sorten sind oft hybrider Herkunft, d.h. sie sind nicht samenfest und eigenst\u00e4ndig weiter vermehrbar. Wir bieten ausschlie\u00dflich \u00f6kologisches Saat- und Pflanzgut samenfester &hellip; <a href=\"http:\/\/joachim-borner.de\/?page_id=152\">Weiterlesen <span class=\"meta-nav\">&rarr;<\/span><\/a><\/p>\n","protected":false},"author":1,"featured_media":0,"parent":0,"menu_order":0,"comment_status":"closed","ping_status":"closed","template":"sidebar-page.php","meta":{"footnotes":""},"class_list":["post-152","page","type-page","status-publish","hentry"],"_links":{"self":[{"href":"http:\/\/joachim-borner.de\/index.php?rest_route=\/wp\/v2\/pages\/152","targetHints":{"allow":["GET"]}}],"collection":[{"href":"http:\/\/joachim-borner.de\/index.php?rest_route=\/wp\/v2\/pages"}],"about":[{"href":"http:\/\/joachim-borner.de\/index.php?rest_route=\/wp\/v2\/types\/page"}],"author":[{"embeddable":true,"href":"http:\/\/joachim-borner.de\/index.php?rest_route=\/wp\/v2\/users\/1"}],"replies":[{"embeddable":true,"href":"http:\/\/joachim-borner.de\/index.php?rest_route=%2Fwp%2Fv2%2Fcomments&post=152"}],"version-history":[{"count":5,"href":"http:\/\/joachim-borner.de\/index.php?rest_route=\/wp\/v2\/pages\/152\/revisions"}],"predecessor-version":[{"id":545,"href":"http:\/\/joachim-borner.de\/index.php?rest_route=\/wp\/v2\/pages\/152\/revisions\/545"}],"wp:attachment":[{"href":"http:\/\/joachim-borner.de\/index.php?rest_route=%2Fwp%2Fv2%2Fmedia&parent=152"}],"curies":[{"name":"wp","href":"https:\/\/api.w.org\/{rel}","templated":true}]}}